{"id":347,"date":"2023-07-24T10:16:23","date_gmt":"2023-07-24T10:16:23","guid":{"rendered":"https:\/\/estmart.es\/estmart\/"},"modified":"2023-10-31T07:42:31","modified_gmt":"2023-10-31T07:42:31","slug":"estmart","status":"publish","type":"page","link":"https:\/\/estmart.es\/ca\/","title":{"rendered":"Estmart"},"content":{"rendered":"<p>[et_pb_section fb_built=&#8221;1&#8243; _builder_version=&#8221;4.23&#8243; _module_preset=&#8221;default&#8221; background_image=&#8221;https:\/\/estmart.es\/wp-content\/uploads\/FOTO1-scaled.jpg&#8221; height=&#8221;90vh&#8221; hover_enabled=&#8221;0&#8243; global_colors_info=&#8221;{}&#8221; sticky_enabled=&#8221;0&#8243; title_text=&#8221;FOTO1&#8243;][et_pb_row _builder_version=&#8221;4.21.0&#8243; _module_preset=&#8221;default&#8221; hover_enabled=&#8221;0&#8243; global_colors_info=&#8221;{}&#8221; sticky_enabled=&#8221;0&#8243;][et_pb_column type=&#8221;4_4&#8243; _builder_version=&#8221;4.21.0&#8243; _module_preset=&#8221;default&#8221; global_colors_info=&#8221;{}&#8221;][et_pb_text _builder_version=&#8221;4.21.0&#8243; _module_preset=&#8221;default&#8221; text_font=&#8221;Adamina||||||||&#8221; text_text_color=&#8221;#FFFFFF&#8221; text_font_size=&#8221;76px&#8221; text_line_height=&#8221;1.4em&#8221; header_font=&#8221;|700|||||||&#8221; header_text_color=&#8221;#FFFFFF&#8221; header_font_size=&#8221;2em&#8221; header_line_height=&#8221;1.5em&#8221; custom_margin=&#8221;7vh||||false|false&#8221; scroll_horizontal_motion_enable=&#8221;on&#8221; hover_enabled=&#8221;0&#8243; text_font_size_tablet=&#8221;76px&#8221; text_font_size_phone=&#8221;30px&#8221; text_font_size_last_edited=&#8221;on|phone&#8221; scroll_horizontal_motion_tablet=&#8221;&#8221; scroll_horizontal_motion_phone=&#8221;0|50|50|100|0|0|0&#8243; scroll_horizontal_motion_last_edited=&#8221;on|phone&#8221; global_colors_info=&#8221;{}&#8221; header_letter_spacing__hover_enabled=&#8221;on|hover&#8221; sticky_enabled=&#8221;0&#8243;]<\/p>\n<h1>Estmart<\/h1>\n<p>Construccions Met\u00e0l\u00b7liques<\/p>\n<p>[\/et_pb_text][\/et_pb_column][\/et_pb_row][\/et_pb_section][et_pb_section fb_built=&#8221;1&#8243; admin_label=&#8221;About&#8221; _builder_version=&#8221;4.16&#8243; _module_preset=&#8221;default&#8221; global_colors_info=&#8221;{}&#8221;][et_pb_row column_structure=&#8221;2_3,1_3&#8243; use_custom_gutter=&#8221;on&#8221; gutter_width=&#8221;4&#8243; _builder_version=&#8221;4.21.0&#8243; _module_preset=&#8221;default&#8221; background_color=&#8221;#FFFFFF&#8221; custom_padding=&#8221;40px|30px|40px|30px|true|true&#8221; border_color_left=&#8221;#050483&#8243; global_colors_info=&#8221;{}&#8221; box_shadow_color__hover=&#8221;rgba(53,66,85,0.4)&#8221; box_shadow_color__hover_enabled=&#8221;on|hover&#8221;][et_pb_column type=&#8221;2_3&#8243; _builder_version=&#8221;4.16&#8243; _module_preset=&#8221;default&#8221; global_colors_info=&#8221;{}&#8221;][et_pb_image src=&#8221;https:\/\/estmart.es\/wp-content\/uploads\/soldadura-robotizada.jpg&#8221; title_text=&#8221;soldadura-robotitzada&#8221; _builder_version=&#8221;4.21.0&#8243; _module_preset=&#8221;default&#8221; global_colors_info=&#8221;{}&#8221;][\/et_pb_image][et_pb_text _builder_version=&#8221;4.21.0&#8243; _module_preset=&#8221;22d0da71-6393-430b-a0cd-b77dd565e85c&#8221; text_line_height=&#8221;1.8em&#8221; text_font_size_tablet=&#8221;15px&#8221; text_font_size_phone=&#8221;14px&#8221; text_font_size_last_edited=&#8221;on|phone&#8221; header_font_size_tablet=&#8221;55px&#8221; header_font_size_last_edited=&#8221;off|desktop&#8221; locked=&#8221;off&#8221; global_colors_info=&#8221;{}&#8221;]<\/p>\n<p>Construccions Met\u00e0l\u00b7liques Estmart neix el 1992 amb la innovaci\u00f3 i la qualitat com a pilars fonamentals. Aquests valors ens han perm\u00e8s guanyar-nos la confian\u00e7a dels nostres clients i destacar al sector. Al llarg del temps, ens hem mantingut a l&#8217;avantguarda de les t\u00e8cniques i les tecnologies, sempre compromesos amb l&#8217;excel\u00b7l\u00e8ncia. Avui, com una empresa consolidada i reconeguda, la nostra motivaci\u00f3 continua sent afrontar nous reptes cada dia.<\/p>\n<p>[\/et_pb_text][\/et_pb_column][et_pb_column type=&#8221;1_3&#8243; _builder_version=&#8221;4.16&#8243; _module_preset=&#8221;default&#8221; custom_padding=&#8221;180px||||false|false&#8221; custom_padding_tablet=&#8221;0px||||false|false&#8221; custom_padding_phone=&#8221;0px||||false|false&#8221; custom_padding_last_edited=&#8221;on|desktop&#8221; global_colors_info=&#8221;{}&#8221;][et_pb_text _builder_version=&#8221;4.21.0&#8243; _module_preset=&#8221;003e9429-8e11-4d9e-968b-8881092bbf81&#8243; header_2_font=&#8221;Outfit|700|||||||&#8221; header_2_text_color=&#8221;#050483&#8243; header_2_font_size=&#8221;56px&#8221; header_2_line_height=&#8221;1.1em&#8221; custom_margin=&#8221;||0px||false|false&#8221; custom_padding=&#8221;||0px|||&#8221; header_2_font_size_tablet=&#8221;42px&#8221; header_2_font_size_phone=&#8221;42px&#8221; header_2_font_size_last_edited=&#8221;on|desktop&#8221; header_2_line_height_tablet=&#8221;1.2em&#8221; header_2_line_height_phone=&#8221;&#8221; header_2_line_height_last_edited=&#8221;on|phone&#8221; locked=&#8221;off&#8221; global_colors_info=&#8221;{}&#8221;]<\/p>\n<h2>Estmart<\/h2>\n<p>[\/et_pb_text][et_pb_divider color=&#8221;rgba(76,89,76,0.24)&#8221; divider_weight=&#8221;5px&#8221; _builder_version=&#8221;4.21.0&#8243; _module_preset=&#8221;ce0e852d-65f7-4b50-97d9-c94701b6b484&#8243; z_index=&#8221;-5&#8243; max_width=&#8221;210px&#8221; height=&#8221;5px&#8221; custom_margin=&#8221;-24px||30px||false|false&#8221; custom_margin_tablet=&#8221;-22px||||false|false&#8221; custom_margin_phone=&#8221;-18px||||false|false&#8221; custom_margin_last_edited=&#8221;on|phone&#8221; locked=&#8221;off&#8221; global_colors_info=&#8221;{}&#8221;][\/et_pb_divider][et_pb_image src=&#8221;https:\/\/estmart.es\/wp-content\/uploads\/tall-laser.jpg&#8221; title_text=&#8221;tall-l\u00e0ser&#8221; _builder_version=&#8221;4.21.0&#8243; _module_preset=&#8221;default&#8221; custom_margin=&#8221;30px||||false|false&#8221; global_colors_info=&#8221;{}&#8221;][\/et_pb_image][\/et_pb_column][\/et_pb_row][\/et_pb_section][et_pb_section fb_built=&#8221;1&#8243; admin_label=&#8221;Services&#8221; _builder_version=&#8221;4.16&#8243; _module_preset=&#8221;default&#8221; use_background_color_gradient=&#8221;on&#8221; background_color_gradient_direction=&#8221;90deg&#8221; background_color_gradient_stops=&#8221;#ffffff 50%|#f7f7f7 50%&#8221; background_color_gradient_start=&#8221;#ffffff&#8221; background_color_gradient_start_position=&#8221;50%&#8221; background_color_gradient_end=&#8221;#f7f7f7&#8243; background_color_gradient_end_position=&#8221;50%&#8221; global_colors_info=&#8221;{}&#8221;][et_pb_row column_structure=&#8221;1_3,1_3,1_3&#8243; use_custom_gutter=&#8221;on&#8221; gutter_width=&#8221;2&#8243; make_equal=&#8221;on&#8221; _builder_version=&#8221;4.21.0&#8243; _module_preset=&#8221;default&#8221; global_colors_info=&#8221;{}&#8221;][et_pb_column type=&#8221;1_3&#8243; _builder_version=&#8221;4.16&#8243; _module_preset=&#8221;default&#8221; global_colors_info=&#8221;{}&#8221;][et_pb_text _builder_version=&#8221;4.21.0&#8243; _module_preset=&#8221;003e9429-8e11-4d9e-968b-8881092bbf81&#8243; header_2_font=&#8221;Outfit|700|||||||&#8221; header_2_text_color=&#8221;#050483&#8243; header_2_font_size=&#8221;56px&#8221; header_2_line_height=&#8221;1.1em&#8221; custom_margin=&#8221;||0px||false|false&#8221; header_2_font_size_tablet=&#8221;42px&#8221; header_2_font_size_phone=&#8221;42px&#8221; header_2_font_size_last_edited=&#8221;on|desktop&#8221; header_2_line_height_tablet=&#8221;1.2em&#8221; header_2_line_height_phone=&#8221;&#8221; header_2_line_height_last_edited=&#8221;on|phone&#8221; locked=&#8221;off&#8221; global_colors_info=&#8221;{}&#8221;]<\/p>\n<h2>Serveis<\/h2>\n<p>[\/et_pb_text][et_pb_divider color=&#8221;rgba(76,89,76,0.24)&#8221; divider_weight=&#8221;5px&#8221; _builder_version=&#8221;4.21.0&#8243; _module_preset=&#8221;ce0e852d-65f7-4b50-97d9-c94701b6b484&#8243; z_index=&#8221;-5&#8243; max_width=&#8221;210px&#8221; height=&#8221;5px&#8221; custom_margin=&#8221;-24px||30px||false|false&#8221; custom_margin_tablet=&#8221;-22px||||false|false&#8221; custom_margin_phone=&#8221;-18px||||false|false&#8221; custom_margin_last_edited=&#8221;on|phone&#8221; locked=&#8221;off&#8221; global_colors_info=&#8221;{}&#8221;][\/et_pb_divider][et_pb_text _builder_version=&#8221;4.21.0&#8243; _module_preset=&#8221;22d0da71-6393-430b-a0cd-b77dd565e85c&#8221; text_line_height=&#8221;1.8em&#8221; text_font_size_tablet=&#8221;15px&#8221; text_font_size_phone=&#8221;14px&#8221; text_font_size_last_edited=&#8221;on|phone&#8221; header_font_size_tablet=&#8221;55px&#8221; header_font_size_last_edited=&#8221;off|desktop&#8221; locked=&#8221;off&#8221; global_colors_info=&#8221;{}&#8221;]<\/p>\n<p><span>A Estmart, us oferim una \u00e0mplia varietat de serveis relacionats amb les construccions met\u00e0l\u00b7liques.<\/span><\/p>\n<p>[\/et_pb_text][et_pb_button button_url=&#8221;https:\/\/estmart.es\/ca\/serveis\/&#8221; button_text=&#8221;Veure serveis&#8221; button_alignment=&#8221;left&#8221; _builder_version=&#8221;4.21.0&#8243; _module_preset=&#8221;cefaa07f-9636-40fe-a939-2a0ccdc332c6&#8243; custom_button=&#8221;on&#8221; button_text_size=&#8221;19px&#8221; button_text_color=&#8221;#050483&#8243; button_bg_color=&#8221;RGBA(255,255,255,0)&#8221; button_bg_image=&#8221;https:\/\/ishtiaq.sandbox.etdevs.com\/corporate\/wp-content\/uploads\/sites\/37\/2021\/12\/corporate_17.png&#8221; button_bg_size=&#8221;initial&#8221; button_bg_position=&#8221;center_right&#8221; button_border_width=&#8221;0px&#8221; button_border_radius=&#8221;0px&#8221; button_letter_spacing=&#8221;0.1em&#8221; button_font=&#8221;|700||on|||||&#8221; button_use_icon=&#8221;off&#8221; custom_padding=&#8221;|54px||0px|false|false&#8221; custom_padding_last_edited=&#8221;off|desktop&#8221; locked=&#8221;off&#8221; global_colors_info=&#8221;{}&#8221;][\/et_pb_button][\/et_pb_column][et_pb_column type=&#8221;1_3&#8243; _builder_version=&#8221;4.16&#8243; _module_preset=&#8221;default&#8221; global_colors_info=&#8221;{}&#8221;][et_pb_text _builder_version=&#8221;4.21.0&#8243; _module_preset=&#8221;default&#8221; header_2_font=&#8221;|700|||||||&#8221; header_3_font=&#8221;|600|||||||&#8221; background_color=&#8221;#FFFFFF&#8221; custom_padding=&#8221;40px|30px|40px|30px|true|true&#8221; link_option_url=&#8221;\/?page_id=93#soldadura&#8221; border_width_left=&#8221;4px&#8221; border_color_left=&#8221;#050483&#8243; box_shadow_style=&#8221;preset3&#8243; box_shadow_color=&#8221;rgba(53,66,85,0.1)&#8221; global_colors_info=&#8221;{}&#8221; box_shadow_color__hover_enabled=&#8221;on|hover&#8221; box_shadow_color__hover=&#8221;rgba(53,66,85,0.4)&#8221;]<\/p>\n<h3>Soldadura robotitzada<\/h3>\n<p>[\/et_pb_text][et_pb_text _builder_version=&#8221;4.21.0&#8243; _module_preset=&#8221;default&#8221; header_2_font=&#8221;|700|||||||&#8221; header_3_font=&#8221;|600|||||||&#8221; background_color=&#8221;#FFFFFF&#8221; custom_padding=&#8221;40px|30px|40px|30px|true|true&#8221; link_option_url=&#8221;\/?page_id=93#punzonado&#8221; border_width_left=&#8221;4px&#8221; border_color_left=&#8221;#050483&#8243; box_shadow_style=&#8221;preset3&#8243; box_shadow_color=&#8221;rgba(53,66,85,0.1)&#8221; global_colors_info=&#8221;{}&#8221; box_shadow_color__hover=&#8221;rgba(53,66,85,0.4)&#8221; box_shadow_color__hover_enabled=&#8221;on|hover&#8221;]<\/p>\n<h3>Punxonadora<\/h3>\n<p>[\/et_pb_text][et_pb_text _builder_version=&#8221;4.21.0&#8243; _module_preset=&#8221;default&#8221; header_2_font=&#8221;|700|||||||&#8221; header_3_font=&#8221;|600|||||||&#8221; background_color=&#8221;#FFFFFF&#8221; custom_padding=&#8221;40px|30px|40px|30px|true|true&#8221; link_option_url=&#8221;\/?page_id=93#puertas&#8221; border_width_left=&#8221;4px&#8221; border_color_left=&#8221;#050483&#8243; box_shadow_style=&#8221;preset3&#8243; box_shadow_color=&#8221;rgba(53,66,85,0.1)&#8221; global_colors_info=&#8221;{}&#8221; box_shadow_color__hover=&#8221;rgba(53,66,85,0.4)&#8221; box_shadow_color__hover_enabled=&#8221;on|hover&#8221;]<\/p>\n<h3>Serveis personalitzats<\/h3>\n<p>[\/et_pb_text][\/et_pb_column][et_pb_column type=&#8221;1_3&#8243; _builder_version=&#8221;4.16&#8243; _module_preset=&#8221;default&#8221; global_colors_info=&#8221;{}&#8221;][et_pb_text _builder_version=&#8221;4.21.0&#8243; _module_preset=&#8221;default&#8221; header_2_font=&#8221;|700|||||||&#8221; header_3_font=&#8221;|600|||||||&#8221; background_color=&#8221;#FFFFFF&#8221; custom_padding=&#8221;40px|30px|40px|30px|true|true&#8221; link_option_url=&#8221;\/?page_id=93#corte&#8221; border_width_left=&#8221;4px&#8221; border_color_left=&#8221;#050483&#8243; box_shadow_style=&#8221;preset3&#8243; box_shadow_color=&#8221;rgba(53,66,85,0.1)&#8221; global_colors_info=&#8221;{}&#8221; box_shadow_color__hover=&#8221;rgba(53,66,85,0.4)&#8221; box_shadow_color__hover_enabled=&#8221;on|hover&#8221;]<\/p>\n<h3>Tall l\u00e0ser<\/h3>\n<p>[\/et_pb_text][et_pb_text _builder_version=&#8221;4.21.0&#8243; _module_preset=&#8221;default&#8221; header_2_font=&#8221;|700|||||||&#8221; header_3_font=&#8221;|600|||||||&#8221; background_color=&#8221;#FFFFFF&#8221; custom_padding=&#8221;40px|30px|40px|30px|true|true&#8221; link_option_url=&#8221;\/?page_id=93#plegado&#8221; border_width_left=&#8221;4px&#8221; border_color_left=&#8221;#050483&#8243; box_shadow_style=&#8221;preset3&#8243; box_shadow_color=&#8221;rgba(53,66,85,0.1)&#8221; global_colors_info=&#8221;{}&#8221; box_shadow_color__hover=&#8221;rgba(53,66,85,0.4)&#8221; box_shadow_color__hover_enabled=&#8221;on|hover&#8221;]<\/p>\n<h3>Plegat<\/h3>\n<p>[\/et_pb_text][et_pb_text _builder_version=&#8221;4.21.0&#8243; _module_preset=&#8221;default&#8221; header_2_font=&#8221;|700|||||||&#8221; header_3_font=&#8221;|600|||||||&#8221; background_color=&#8221;#FFFFFF&#8221; custom_padding=&#8221;40px|30px|40px|30px|true|true&#8221; link_option_url=&#8221;\/?page_id=93#estructuras&#8221; border_width_left=&#8221;4px&#8221; border_color_left=&#8221;#050483&#8243; box_shadow_style=&#8221;preset3&#8243; box_shadow_color=&#8221;rgba(53,66,85,0.1)&#8221; global_colors_info=&#8221;{}&#8221; box_shadow_color__hover=&#8221;rgba(53,66,85,0.4)&#8221; box_shadow_color__hover_enabled=&#8221;on|hover&#8221;]<\/p>\n<h3>Treballs industrials i estructures<\/h3>\n<p>[\/et_pb_text][\/et_pb_column][\/et_pb_row][\/et_pb_section][et_pb_section fb_built=&#8221;1&#8243; admin_label=&#8221;Video&#8221; _builder_version=&#8221;4.21.0&#8243; _module_preset=&#8221;default&#8221; background_enable_color=&#8221;off&#8221; use_background_color_gradient=&#8221;on&#8221; background_color_gradient_direction=&#8221;90deg&#8221; background_color_gradient_stops=&#8221;#ffffff 50%|#f7f7f7 50%&#8221; background_color_gradient_start=&#8221;#ffffff&#8221; background_color_gradient_start_position=&#8221;50%&#8221; background_color_gradient_end=&#8221;#f7f7f7&#8243; background_color_gradient_end_position=&#8221;50%&#8221; custom_padding=&#8221;||0px||false|false&#8221; global_colors_info=&#8221;{}&#8221;][et_pb_row _builder_version=&#8221;4.16&#8243; _module_preset=&#8221;default&#8221; custom_padding=&#8221;||0px||false|false&#8221; global_colors_info=&#8221;{}&#8221;][et_pb_column type=&#8221;4_4&#8243; _builder_version=&#8221;4.16&#8243; _module_preset=&#8221;default&#8221; global_colors_info=&#8221;{}&#8221;][et_pb_image src=&#8221;https:\/\/estmart.es\/wp-content\/uploads\/estructura-metalica-scaled.jpg&#8221; title_text=&#8221;estructura-met\u00e0l\u00b7lica&#8221; _builder_version=&#8221;4.21.0&#8243; _module_preset=&#8221;default&#8221; scroll_horizontal_motion_enable=&#8221;on&#8221; global_colors_info=&#8221;{}&#8221;][\/et_pb_image][\/et_pb_column][\/et_pb_row][\/et_pb_section][et_pb_section fb_built=&#8221;1&#8243; admin_label=&#8221;Testimonial&#8221; _builder_version=&#8221;4.16&#8243; _module_preset=&#8221;default&#8221; global_colors_info=&#8221;{}&#8221;][et_pb_row column_structure=&#8221;1_2,1_2&#8243; use_custom_gutter=&#8221;on&#8221; gutter_width=&#8221;4&#8243; _builder_version=&#8221;4.16&#8243; _module_preset=&#8221;default&#8221; custom_margin=&#8221;28px|auto||auto||&#8221; global_colors_info=&#8221;{}&#8221;][et_pb_column type=&#8221;1_2&#8243; _builder_version=&#8221;4.16&#8243; _module_preset=&#8221;default&#8221; global_colors_info=&#8221;{}&#8221;][\/et_pb_column][et_pb_column type=&#8221;1_2&#8243; _builder_version=&#8221;4.16&#8243; _module_preset=&#8221;default&#8221; global_colors_info=&#8221;{}&#8221;][et_pb_text _builder_version=&#8221;4.21.0&#8243; _module_preset=&#8221;003e9429-8e11-4d9e-968b-8881092bbf81&#8243; header_2_font=&#8221;Outfit|600|||||||&#8221; header_2_text_color=&#8221;#000000&#8243; header_2_font_size=&#8221;48px&#8221; header_2_line_height=&#8221;1.1em&#8221; custom_margin=&#8221;20px||0px||false|false&#8221; header_2_font_size_tablet=&#8221;32px&#8221; header_2_font_size_phone=&#8221;20px&#8221; header_2_font_size_last_edited=&#8221;on|desktop&#8221; header_2_line_height_tablet=&#8221;1.2em&#8221; header_2_line_height_phone=&#8221;&#8221; header_2_line_height_last_edited=&#8221;on|phone&#8221; locked=&#8221;off&#8221; global_colors_info=&#8221;{}&#8221;]<\/p>\n<h2><span>La innovaci\u00f3 i la qualitat han estat sempre els pilars principals de l&#8217;empresa.<\/span><\/h2>\n<p>[\/et_pb_text][\/et_pb_column][\/et_pb_row][\/et_pb_section][et_pb_section fb_built=&#8221;1&#8243; _builder_version=&#8221;4.21.0&#8243; _module_preset=&#8221;default&#8221; custom_padding=&#8221;13px|||||&#8221; global_colors_info=&#8221;{}&#8221;][et_pb_row custom_padding_last_edited=&#8221;on|phone&#8221; _builder_version=&#8221;4.21.0&#8243; _module_preset=&#8221;default&#8221; background_color=&#8221;#050483&#8243; custom_padding=&#8221;48px|60px|48px|60px|true|true&#8221; custom_padding_tablet=&#8221;60px||60px||true|false&#8221; custom_padding_phone=&#8221;40px||40px|20px|true|false&#8221; box_shadow_style=&#8221;preset4&#8243; box_shadow_horizontal=&#8221;300px&#8221; box_shadow_vertical=&#8221;0px&#8221; box_shadow_color=&#8221;#050483&#8243; global_colors_info=&#8221;{}&#8221;][et_pb_column type=&#8221;4_4&#8243; _builder_version=&#8221;4.21.0&#8243; _module_preset=&#8221;default&#8221; global_colors_info=&#8221;{}&#8221;][et_pb_text _builder_version=&#8221;4.21.0&#8243; _module_preset=&#8221;53fac924-1644-4f70-a8a0-435df3cf1c52&#8243; header_font=&#8221;Outfit|600|||||||&#8221; header_text_align=&#8221;center&#8221; header_text_color=&#8221;#FFFFFF&#8221; header_font_size=&#8221;90px&#8221; header_line_height=&#8221;1.1em&#8221; header_2_font=&#8221;|700|||||||&#8221; header_2_text_color=&#8221;#FFFFFF&#8221; header_2_font_size=&#8221;48px&#8221; header_2_line_height=&#8221;1.2em&#8221; custom_margin=&#8221;|-110px|55px|||&#8221; header_font_size_tablet=&#8221;50px&#8221; header_font_size_phone=&#8221;24px&#8221; header_font_size_last_edited=&#8221;on|phone&#8221; locked=&#8221;off&#8221; global_colors_info=&#8221;{}&#8221;]<\/p>\n<h2 style=\"text-align: left;\">Busques un prove\u00efdor de confian\u00e7a?<\/h2>\n<p>[\/et_pb_text][et_pb_button button_text=&#8221;Contacta&apos;ns&#8221; button_alignment=&#8221;center&#8221; _builder_version=&#8221;4.21.0&#8243; _module_preset=&#8221;bdf23963-464b-4991-88aa-271cf8b45b57&#8243; custom_button=&#8221;on&#8221; button_text_size=&#8221;20px&#8221; button_text_color=&#8221;#000000&#8243; button_bg_color=&#8221;#FFFFFF&#8221; button_border_width=&#8221;0px&#8221; button_border_radius=&#8221;0px&#8221; button_font=&#8221;|700||on|||||&#8221; custom_margin=&#8221;||||false|false&#8221; custom_padding=&#8221;20px|30px|20px|30px|true|true&#8221; box_shadow_style=&#8221;preset3&#8243; box_shadow_color=&#8221;rgba(0,0,0,0.2)&#8221; locked=&#8221;off&#8221; global_colors_info=&#8221;{}&#8221; box_shadow_spread__hover_enabled=&#8221;on|hover&#8221; box_shadow_color__hover_enabled=&#8221;on|hover&#8221; box_shadow_color__hover=&#8221;rgba(0,0,0,0.8)&#8221; button_bg_color__hover_enabled=&#8221;on|hover&#8221; button_bg_color__hover=&#8221;#f9f9f9&#8243; button_bg_enable_color__hover=&#8221;on&#8221;][\/et_pb_button][\/et_pb_column][\/et_pb_row][\/et_pb_section][et_pb_section fb_built=&#8221;1&#8243; theme_builder_area=&#8221;post_content&#8221; _builder_version=&#8221;4.23&#8243; _module_preset=&#8221;default&#8221;][\/et_pb_section]<\/p>\n","protected":false},"excerpt":{"rendered":"<p>Estmart Construccions Met\u00e0l\u00b7liquesConstruccions Met\u00e0l\u00b7liques Estmart neix el 1992 amb la innovaci\u00f3 i la qualitat com a pilars fonamentals. Aquests valors ens han perm\u00e8s guanyar-nos la confian\u00e7a dels nostres clients i destacar al sector. Al llarg del temps, ens hem mantingut a l&#8217;avantguarda de les t\u00e8cniques i les tecnologies, sempre compromesos amb l&#8217;excel\u00b7l\u00e8ncia. Avui, com una [&hellip;]<\/p>\n","protected":false},"author":1,"featured_media":0,"parent":0,"menu_order":0,"comment_status":"closed","ping_status":"closed","template":"","meta":{"_et_pb_use_builder":"on","_et_pb_old_content":"","_et_gb_content_width":"","footnotes":""},"class_list":["post-347","page","type-page","status-publish","hentry"],"yoast_head":"<!-- This site is optimized with the Yoast SEO plugin v25.6 - https:\/\/yoast.com\/wordpress\/plugins\/seo\/ -->\n<title>Estmart - Esmart<\/title>\n<meta name=\"description\" content=\"Estmart empresa especialitzada en construccions met\u00e0l\u00b7liques, soldadura robotitzada, punxonadora, tall l\u00e0ser, plegadora.\" \/>\n<meta name=\"robots\" content=\"index, follow, max-snippet:-1, max-image-preview:large, max-video-preview:-1\" \/>\n<link rel=\"canonical\" href=\"https:\/\/estmart.es\/\" \/>\n<meta property=\"og:locale\" content=\"ca_ES\" \/>\n<meta property=\"og:type\" content=\"article\" \/>\n<meta property=\"og:title\" content=\"Estmart - Esmart\" \/>\n<meta property=\"og:description\" content=\"Estmart empresa especialitzada en construccions met\u00e0l\u00b7liques, soldadura robotitzada, punxonadora, tall l\u00e0ser, plegadora.\" \/>\n<meta property=\"og:url\" content=\"https:\/\/estmart.es\/\" \/>\n<meta property=\"og:site_name\" content=\"Esmart\" \/>\n<meta property=\"article:modified_time\" content=\"2023-10-31T07:42:31+00:00\" \/>\n<meta name=\"twitter:card\" content=\"summary_large_image\" \/>\n<meta name=\"twitter:label1\" content=\"Temps estimat de lectura\" \/>\n\t<meta name=\"twitter:data1\" content=\"10 minuts\" \/>\n<script type=\"application\/ld+json\" class=\"yoast-schema-graph\">{\"@context\":\"https:\/\/schema.org\",\"@graph\":[{\"@type\":\"WebPage\",\"@id\":\"https:\/\/estmart.es\/\",\"url\":\"https:\/\/estmart.es\/\",\"name\":\"Estmart - Esmart\",\"isPartOf\":{\"@id\":\"https:\/\/estmart.es\/#website\"},\"datePublished\":\"2023-07-24T10:16:23+00:00\",\"dateModified\":\"2023-10-31T07:42:31+00:00\",\"description\":\"Estmart empresa especialitzada en construccions met\u00e0l\u00b7liques, soldadura robotitzada, punxonadora, tall l\u00e0ser, plegadora.\",\"breadcrumb\":{\"@id\":\"https:\/\/estmart.es\/#breadcrumb\"},\"inLanguage\":\"ca\",\"potentialAction\":[{\"@type\":\"ReadAction\",\"target\":[\"https:\/\/estmart.es\/\"]}]},{\"@type\":\"BreadcrumbList\",\"@id\":\"https:\/\/estmart.es\/#breadcrumb\",\"itemListElement\":[{\"@type\":\"ListItem\",\"position\":1,\"name\":\"Portada\",\"item\":\"https:\/\/estmart.es\/\"},{\"@type\":\"ListItem\",\"position\":2,\"name\":\"Estmart\"}]},{\"@type\":\"WebSite\",\"@id\":\"https:\/\/estmart.es\/#website\",\"url\":\"https:\/\/estmart.es\/\",\"name\":\"Esmart\",\"description\":\"Construcciones Met\u00e1licas\",\"potentialAction\":[{\"@type\":\"SearchAction\",\"target\":{\"@type\":\"EntryPoint\",\"urlTemplate\":\"https:\/\/estmart.es\/?s={search_term_string}\"},\"query-input\":{\"@type\":\"PropertyValueSpecification\",\"valueRequired\":true,\"valueName\":\"search_term_string\"}}],\"inLanguage\":\"ca\"}]}<\/script>\n<!-- \/ Yoast SEO plugin. -->","yoast_head_json":{"title":"Estmart - Esmart","description":"Estmart empresa especialitzada en construccions met\u00e0l\u00b7liques, soldadura robotitzada, punxonadora, tall l\u00e0ser, plegadora.","robots":{"index":"index","follow":"follow","max-snippet":"max-snippet:-1","max-image-preview":"max-image-preview:large","max-video-preview":"max-video-preview:-1"},"canonical":"https:\/\/estmart.es\/","og_locale":"ca_ES","og_type":"article","og_title":"Estmart - Esmart","og_description":"Estmart empresa especialitzada en construccions met\u00e0l\u00b7liques, soldadura robotitzada, punxonadora, tall l\u00e0ser, plegadora.","og_url":"https:\/\/estmart.es\/","og_site_name":"Esmart","article_modified_time":"2023-10-31T07:42:31+00:00","twitter_card":"summary_large_image","twitter_misc":{"Temps estimat de lectura":"10 minuts"},"schema":{"@context":"https:\/\/schema.org","@graph":[{"@type":"WebPage","@id":"https:\/\/estmart.es\/","url":"https:\/\/estmart.es\/","name":"Estmart - Esmart","isPartOf":{"@id":"https:\/\/estmart.es\/#website"},"datePublished":"2023-07-24T10:16:23+00:00","dateModified":"2023-10-31T07:42:31+00:00","description":"Estmart empresa especialitzada en construccions met\u00e0l\u00b7liques, soldadura robotitzada, punxonadora, tall l\u00e0ser, plegadora.","breadcrumb":{"@id":"https:\/\/estmart.es\/#breadcrumb"},"inLanguage":"ca","potentialAction":[{"@type":"ReadAction","target":["https:\/\/estmart.es\/"]}]},{"@type":"BreadcrumbList","@id":"https:\/\/estmart.es\/#breadcrumb","itemListElement":[{"@type":"ListItem","position":1,"name":"Portada","item":"https:\/\/estmart.es\/"},{"@type":"ListItem","position":2,"name":"Estmart"}]},{"@type":"WebSite","@id":"https:\/\/estmart.es\/#website","url":"https:\/\/estmart.es\/","name":"Esmart","description":"Construcciones Met\u00e1licas","potentialAction":[{"@type":"SearchAction","target":{"@type":"EntryPoint","urlTemplate":"https:\/\/estmart.es\/?s={search_term_string}"},"query-input":{"@type":"PropertyValueSpecification","valueRequired":true,"valueName":"search_term_string"}}],"inLanguage":"ca"}]}},"_links":{"self":[{"href":"https:\/\/estmart.es\/ca\/wp-json\/wp\/v2\/pages\/347"}],"collection":[{"href":"https:\/\/estmart.es\/ca\/wp-json\/wp\/v2\/pages"}],"about":[{"href":"https:\/\/estmart.es\/ca\/wp-json\/wp\/v2\/types\/page"}],"author":[{"embeddable":true,"href":"https:\/\/estmart.es\/ca\/wp-json\/wp\/v2\/users\/1"}],"replies":[{"embeddable":true,"href":"https:\/\/estmart.es\/ca\/wp-json\/wp\/v2\/comments?post=347"}],"version-history":[{"count":22,"href":"https:\/\/estmart.es\/ca\/wp-json\/wp\/v2\/pages\/347\/revisions"}],"predecessor-version":[{"id":484,"href":"https:\/\/estmart.es\/ca\/wp-json\/wp\/v2\/pages\/347\/revisions\/484"}],"wp:attachment":[{"href":"https:\/\/estmart.es\/ca\/wp-json\/wp\/v2\/media?parent=347"}],"curies":[{"name":"wp","href":"https:\/\/api.w.org\/{rel}","templated":true}]}}